{"id":2,"date":"2026-01-12T07:56:49","date_gmt":"2026-01-12T07:56:49","guid":{"rendered":"https:\/\/mitundfuermenschen.sandamiano-at.com\/WordPress\/?page_id=2"},"modified":"2026-03-23T13:37:17","modified_gmt":"2026-03-23T13:37:17","slug":"sample-page","status":"publish","type":"page","link":"https:\/\/mitundfuermenschen.sandamiano-at.com\/WordPress\/","title":{"rendered":""},"content":{"rendered":"\n<p class=\"has-text-align-center is-style-text-subtitle has-x-large-font-size is-style-text-subtitle--1\">Lesen und Schenken am Lebensweg <\/p>\n\n\n\n<p class=\"has-text-align-center is-style-text-subtitle has-x-large-font-size is-style-text-subtitle--2\">Mit Menschen, f\u00fcr Menschen<\/p>\n\n\n\n<blockquote class=\"wp-block-quote is-layout-flow wp-block-quote-is-layout-flow\">\n<p class=\"is-style-default has-contrast-color has-base-background-color has-text-color has-background has-link-color has-medium-font-size wp-elements-2992a760de24d37bf4f98da5f9750ca6\">Willkommen bei uns, bei &#8222;San Damiano&#8220;! Wir sind ein kleiner, familiengef\u00fchrter Buch- und Geschenkeladen im Herzen von Wolfsberg in K\u00e4rnten. Wir lieben unsere Arbeit und freuen uns, wenn wir dich bei uns begr\u00fc\u00dfen und dich beraten d\u00fcrfen.<\/p>\n\n\n\n<p class=\"is-style-default has-small-font-size\"><\/p>\n<\/blockquote>\n\n\n\n<p class=\"has-medium-font-size\"><strong>Unsere \u00d6ffnungszeiten sind:<\/strong> Montag bis Samstag von 9 Uhr bis 12 Uhr und Dienstag, Donnerstag und Freitag zus\u00e4tzlich von 15 Uhr bis 18 Uhr.<\/p>\n\n\n\n<p class=\"has-medium-font-size\">In den Monaten April bis Juni und November und Dezember haben wir auch am Montag und Mittwoch Nachmittag f\u00fcr euch ge\u00f6ffnet.<\/p>\n\n\n\n<p class=\"has-medium-font-size\">Bestellungen k\u00f6nnt ihr gerne per Mail an san.damiano@aon.at, telefonisch, per WhatsApp oder SMS an 0435236197 oder 06504946221 abgeben oder online \u00fcber unseren <a href=\"https:\/\/sandamiano-at.buchkatalog.at\">Shop<\/a> t\u00e4tigen.<\/p>\n\n\n\n<p class=\"has-medium-font-size\">F\u00fcr alle, die noch nicht bei uns waren: Ihr findet uns in der Johann- Offner- Stra\u00dfe 10\/2, 9400 Wolfsberg.<\/p>\n\n\n\n<p><\/p>\n","protected":false},"excerpt":{"rendered":"<p>Lesen und Schenken am Lebensweg Mit Menschen, f\u00fcr Menschen Willkommen bei uns, bei &#8222;San Damiano&#8220;! Wir sind ein kleiner, familiengef\u00fchrter Buch- und Geschenkeladen im Herzen von Wolfsberg in K\u00e4rnten. Wir lieben unsere Arbeit und freuen uns, wenn wir dich bei uns begr\u00fc\u00dfen und dich beraten d\u00fcrfen. Unsere \u00d6ffnungszeiten sind: Montag bis Samstag von 9 Uhr [&hellip;]<\/p>\n","protected":false},"author":1,"featured_media":11,"parent":0,"menu_order":0,"comment_status":"closed","ping_status":"open","template":"","meta":{"footnotes":""},"class_list":["post-2","page","type-page","status-publish","has-post-thumbnail","hentry"],"_links":{"self":[{"href":"https:\/\/mitundfuermenschen.sandamiano-at.com\/WordPress\/wp-json\/wp\/v2\/pages\/2","targetHints":{"allow":["GET"]}}],"collection":[{"href":"https:\/\/mitundfuermenschen.sandamiano-at.com\/WordPress\/wp-json\/wp\/v2\/pages"}],"about":[{"href":"https:\/\/mitundfuermenschen.sandamiano-at.com\/WordPress\/wp-json\/wp\/v2\/types\/page"}],"author":[{"embeddable":true,"href":"https:\/\/mitundfuermenschen.sandamiano-at.com\/WordPress\/wp-json\/wp\/v2\/users\/1"}],"replies":[{"embeddable":true,"href":"https:\/\/mitundfuermenschen.sandamiano-at.com\/WordPress\/wp-json\/wp\/v2\/comments?post=2"}],"version-history":[{"count":25,"href":"https:\/\/mitundfuermenschen.sandamiano-at.com\/WordPress\/wp-json\/wp\/v2\/pages\/2\/revisions"}],"predecessor-version":[{"id":158,"href":"https:\/\/mitundfuermenschen.sandamiano-at.com\/WordPress\/wp-json\/wp\/v2\/pages\/2\/revisions\/158"}],"wp:featuredmedia":[{"embeddable":true,"href":"https:\/\/mitundfuermenschen.sandamiano-at.com\/WordPress\/wp-json\/wp\/v2\/media\/11"}],"wp:attachment":[{"href":"https:\/\/mitundfuermenschen.sandamiano-at.com\/WordPress\/wp-json\/wp\/v2\/media?parent=2"}],"curies":[{"name":"wp","href":"https:\/\/api.w.org\/{rel}","templated":true}]}}