{"id":27,"date":"2026-01-17T15:34:23","date_gmt":"2026-01-17T15:34:23","guid":{"rendered":"https:\/\/mitundfuermenschen.sandamiano-at.com\/WordPress\/?page_id=27"},"modified":"2026-01-17T18:08:57","modified_gmt":"2026-01-17T18:08:57","slug":"wofuer-wir-stehen-und-wer-wir-sind","status":"publish","type":"page","link":"https:\/\/mitundfuermenschen.sandamiano-at.com\/WordPress\/wofuer-wir-stehen-und-wer-wir-sind\/","title":{"rendered":"Wof\u00fcr wir stehen und wer wir sind"},"content":{"rendered":"\n<p class=\"is-style-text-subtitle is-style-text-subtitle--1\">Wir sind ein Team, das fest daran glaubt, dass wir alle miteinander verbunden sind. Weil wir Menschen und unsere Arbeit lieben, m\u00f6chten wir unsere Buchhandlung zu einem Wohlf\u00fchlort f\u00fcr euch machen. Bei uns begegnet ihr einem Weltbild, das auf Verbundenheit, Freude und Herzlichkeit basiert. Ihr d\u00fcrft euch wie zu Hause f\u00fchlen!<\/p>\n\n\n\n<p class=\"is-style-text-subtitle is-style-text-subtitle--2\">Ressourcen schonen ist uns wichtig. Soweit wie m\u00f6glich setzen wir auf &#8222;Reduce, Reuse, Recycle&#8220;. Wir verzichten auf unn\u00f6tige Verpackungen, nutzen S\u00e4cke und Verpackungsmaterial, wie Versandkartons, mehrfach und fragen euch proaktiv, ob ihr \u00fcberhaupt eine Verpackung ben\u00f6tigt. Danke, dass ihr diesen Weg mit uns geht!<\/p>\n\n\n\n<div class=\"wp-block-group alignfull is-style-section-1 has-global-padding is-layout-constrained wp-block-group-is-layout-constrained is-style-section-1--3\" style=\"margin-top:0;margin-bottom:0;padding-top:var(--wp--preset--spacing--80);padding-bottom:var(--wp--preset--spacing--80)\">\n<div class=\"wp-block-columns alignwide is-layout-flex wp-container-core-columns-is-layout-66fad18a wp-block-columns-is-layout-flex\">\n<div class=\"wp-block-column is-layout-flow wp-block-column-is-layout-flow\" style=\"padding-right:var(--wp--preset--spacing--50);flex-basis:45%\">\n<figure class=\"wp-block-image size-full is-resized\"><img loading=\"lazy\" decoding=\"async\" width=\"1944\" height=\"1665\" src=\"https:\/\/mitundfuermenschen.sandamiano-at.com\/WordPress\/wp-content\/uploads\/2026\/01\/IMG_2025-04-03-16-03-19-2693.jpg\" alt=\"\" class=\"wp-image-30\" style=\"aspect-ratio:1.1675738415831283;width:505px;height:auto\" srcset=\"https:\/\/mitundfuermenschen.sandamiano-at.com\/WordPress\/wp-content\/uploads\/2026\/01\/IMG_2025-04-03-16-03-19-2693.jpg 1944w, https:\/\/mitundfuermenschen.sandamiano-at.com\/WordPress\/wp-content\/uploads\/2026\/01\/IMG_2025-04-03-16-03-19-2693-300x257.jpg 300w, https:\/\/mitundfuermenschen.sandamiano-at.com\/WordPress\/wp-content\/uploads\/2026\/01\/IMG_2025-04-03-16-03-19-2693-1024x877.jpg 1024w, https:\/\/mitundfuermenschen.sandamiano-at.com\/WordPress\/wp-content\/uploads\/2026\/01\/IMG_2025-04-03-16-03-19-2693-768x658.jpg 768w, https:\/\/mitundfuermenschen.sandamiano-at.com\/WordPress\/wp-content\/uploads\/2026\/01\/IMG_2025-04-03-16-03-19-2693-1536x1316.jpg 1536w\" sizes=\"auto, (max-width: 1944px) 100vw, 1944px\" \/><\/figure>\n\n\n\n<div class=\"wp-block-group has-global-padding is-layout-constrained wp-block-group-is-layout-constrained\" style=\"margin-top:-12vw\"><\/div>\n<\/div>\n\n\n\n<div class=\"wp-block-column is-layout-flow wp-block-column-is-layout-flow\"><\/div>\n\n\n\n<div class=\"wp-block-column is-vertically-aligned-center is-layout-flow wp-block-column-is-layout-flow\" style=\"padding-right:0;padding-left:0;flex-basis:50%\">\n<div class=\"wp-block-group is-vertical is-layout-flex wp-container-core-group-is-layout-fe9cc265 wp-block-group-is-layout-flex\">\n<h2 class=\"wp-block-heading is-style-text-annotation is-style-text-annotation--4\">\u00dcber uns<\/h2>\n<\/div>\n\n\n\n<p class=\"is-style-text-subtitle is-style-text-subtitle--5\">Ich, Christina Thonhauser, habe &#8222;meinen&#8220; Buch- und Geschenkeladen von meinem Vater, Ernst Unterkirchner, im Jahr 2017 \u00fcbernommen. In den letzten Jahren habe ich mir viel Know-How in unterschiedlichen Bereichen angeeignet, bin aber immer noch am Lernen. Ich liebe es mit Menschen im Austausch zu sein. <\/p>\n\n\n\n<p><\/p>\n<\/div>\n<\/div>\n\n\n\n<div class=\"wp-block-group alignfull has-global-padding is-content-justification-left is-layout-constrained wp-container-core-group-is-layout-316bc244 wp-block-group-is-layout-constrained\" style=\"margin-top:0;margin-bottom:0;padding-top:var(--wp--preset--spacing--50);padding-bottom:var(--wp--preset--spacing--50)\">\n<p class=\"is-style-text-subtitle is-style-text-subtitle--6\"><\/p>\n\n\n\n<figure class=\"wp-block-image alignright size-full is-resized\"><img loading=\"lazy\" decoding=\"async\" width=\"652\" height=\"919\" src=\"https:\/\/mitundfuermenschen.sandamiano-at.com\/WordPress\/wp-content\/uploads\/2026\/01\/Christine-4.jpg\" alt=\"\" class=\"wp-image-118\" style=\"aspect-ratio:0.7094668693175223;width:277px;height:auto\" srcset=\"https:\/\/mitundfuermenschen.sandamiano-at.com\/WordPress\/wp-content\/uploads\/2026\/01\/Christine-4.jpg 652w, https:\/\/mitundfuermenschen.sandamiano-at.com\/WordPress\/wp-content\/uploads\/2026\/01\/Christine-4-213x300.jpg 213w\" sizes=\"auto, (max-width: 652px) 100vw, 652px\" \/><\/figure>\n\n\n\n<p class=\"is-style-text-subtitle is-style-text-subtitle--7\">Mein Name ist Christine Satz und ich bin mittlerweile seit zehn Jahren in der Buchhandlung besch\u00e4ftigt. Es macht mir gro\u00dfe Freude, meine kreativen F\u00e4higkeiten einbringen zu k\u00f6nnen. Das Anfertigen von Kerzen ist eine meiner vielen Aufgaben.<\/p>\n<\/div>\n<\/div>\n\n\n\n<p><\/p>\n\n\n\n<div class=\"wp-block-group alignfull is-style-section-1 has-global-padding is-layout-constrained wp-block-group-is-layout-constrained is-style-section-1--8\" style=\"margin-top:0;margin-bottom:0;padding-top:var(--wp--preset--spacing--80);padding-bottom:var(--wp--preset--spacing--80)\">\n<div class=\"wp-block-group alignfull has-global-padding is-content-justification-left is-layout-constrained wp-container-core-group-is-layout-316bc244 wp-block-group-is-layout-constrained\" style=\"margin-top:0;margin-bottom:0;padding-top:var(--wp--preset--spacing--50);padding-bottom:var(--wp--preset--spacing--50)\">\n<figure class=\"wp-block-image alignleft size-full is-resized\"><img loading=\"lazy\" decoding=\"async\" width=\"615\" height=\"728\" src=\"https:\/\/mitundfuermenschen.sandamiano-at.com\/WordPress\/wp-content\/uploads\/2026\/01\/Dagmar-1.jpg\" alt=\"\" class=\"wp-image-119\" style=\"aspect-ratio:0.8447802648512822;width:293px;height:auto\" srcset=\"https:\/\/mitundfuermenschen.sandamiano-at.com\/WordPress\/wp-content\/uploads\/2026\/01\/Dagmar-1.jpg 615w, https:\/\/mitundfuermenschen.sandamiano-at.com\/WordPress\/wp-content\/uploads\/2026\/01\/Dagmar-1-253x300.jpg 253w\" sizes=\"auto, (max-width: 615px) 100vw, 615px\" \/><\/figure>\n\n\n\n<div class=\"wp-block-group is-nowrap is-layout-flex wp-container-core-group-is-layout-6c531013 wp-block-group-is-layout-flex\">\n<p class=\"is-style-text-subtitle is-style-text-subtitle--9\">Ich, Dagmar Weishaupt, bin seit J\u00e4nner 2024 im Team. Die M\u00f6glichkeit, in diesem Bereich t\u00e4tig zu sein, ist f\u00fcr mich eine willkommene Abwechslung zu meinen sonstigen Aktivit\u00e4ten, wie z.B. meiner Bienenzucht. Eine meiner vielen Aufgaben ist das Gestalten der Schaufenster, was mir sehr viel Spa\u00df macht.<\/p>\n<\/div>\n<\/div>\n\n\n\n<p><\/p>\n\n\n\n<div class=\"wp-block-group alignfull has-global-padding is-content-justification-left is-layout-constrained wp-container-core-group-is-layout-316bc244 wp-block-group-is-layout-constrained\" style=\"margin-top:0;margin-bottom:0;padding-top:var(--wp--preset--spacing--50);padding-bottom:var(--wp--preset--spacing--50)\"><\/div>\n\n\n\n<p><\/p>\n<\/div>\n\n\n\n<p><\/p>\n","protected":false},"excerpt":{"rendered":"<p>Wir sind ein Team, das fest daran glaubt, dass wir alle miteinander verbunden sind. Weil wir Menschen und unsere Arbeit lieben, m\u00f6chten wir unsere Buchhandlung zu einem Wohlf\u00fchlort f\u00fcr euch machen. Bei uns begegnet ihr einem Weltbild, das auf Verbundenheit, Freude und Herzlichkeit basiert. Ihr d\u00fcrft euch wie zu Hause f\u00fchlen! Ressourcen schonen ist uns [&hellip;]<\/p>\n","protected":false},"author":1,"featured_media":0,"parent":0,"menu_order":0,"comment_status":"closed","ping_status":"closed","template":"","meta":{"footnotes":""},"class_list":["post-27","page","type-page","status-publish","hentry"],"_links":{"self":[{"href":"https:\/\/mitundfuermenschen.sandamiano-at.com\/WordPress\/wp-json\/wp\/v2\/pages\/27","targetHints":{"allow":["GET"]}}],"collection":[{"href":"https:\/\/mitundfuermenschen.sandamiano-at.com\/WordPress\/wp-json\/wp\/v2\/pages"}],"about":[{"href":"https:\/\/mitundfuermenschen.sandamiano-at.com\/WordPress\/wp-json\/wp\/v2\/types\/page"}],"author":[{"embeddable":true,"href":"https:\/\/mitundfuermenschen.sandamiano-at.com\/WordPress\/wp-json\/wp\/v2\/users\/1"}],"replies":[{"embeddable":true,"href":"https:\/\/mitundfuermenschen.sandamiano-at.com\/WordPress\/wp-json\/wp\/v2\/comments?post=27"}],"version-history":[{"count":13,"href":"https:\/\/mitundfuermenschen.sandamiano-at.com\/WordPress\/wp-json\/wp\/v2\/pages\/27\/revisions"}],"predecessor-version":[{"id":124,"href":"https:\/\/mitundfuermenschen.sandamiano-at.com\/WordPress\/wp-json\/wp\/v2\/pages\/27\/revisions\/124"}],"wp:attachment":[{"href":"https:\/\/mitundfuermenschen.sandamiano-at.com\/WordPress\/wp-json\/wp\/v2\/media?parent=27"}],"curies":[{"name":"wp","href":"https:\/\/api.w.org\/{rel}","templated":true}]}}