{"id":56,"date":"2026-01-17T10:24:32","date_gmt":"2026-01-17T10:24:32","guid":{"rendered":"https:\/\/mitundfuermenschen.sandamiano-at.com\/WordPress\/?page_id=56"},"modified":"2026-01-17T10:24:32","modified_gmt":"2026-01-17T10:24:32","slug":"was-euch-bei-uns-erwartet","status":"publish","type":"page","link":"https:\/\/mitundfuermenschen.sandamiano-at.com\/WordPress\/was-euch-bei-uns-erwartet\/","title":{"rendered":"Was euch bei uns erwartet"},"content":{"rendered":"\n<p>Bei uns findet ihr f\u00fcr jeden Anlass etwas. Falls nicht sofort auf den ersten Blick, dann vielleicht durch ein Gespr\u00e4ch mit uns. Sehr gerne nehmen wir uns f\u00fcr dich Zeit, um gemeinsam etwas Passendes zu finden.<\/p>\n\n\n\n<h2 class=\"wp-block-heading\">Was ihr bei uns alles findet<\/h2>\n\n\n\n<h3 class=\"wp-block-heading\">B\u00fccher <\/h3>\n\n\n\n<ul class=\"wp-block-list\">\n<li>Grunds\u00e4tzlich k\u00f6nnt ihr bei uns pers\u00f6nlich, telefonisch, per Whatsapp oder \u00fcber unseren <a href=\"https:\/\/sandamiano-at.buchkatalog.at\">Onlineshop<\/a> jedes lieferbare Buch bestellen. Und wir machen uns f\u00fcr euch auch auf die Suche nach B\u00fcchern, die nicht so leicht zu bekommen sind.<\/li>\n<\/ul>\n\n\n\n<ul class=\"wp-block-list\">\n<li>ein ausgew\u00e4hltes Kinderbuchsortiment<\/li>\n\n\n\n<li>B\u00fccher, die man unter &#8222;B\u00fccher f\u00fcrs Herz&#8220; und Lebensratgeber einstufen kann<\/li>\n\n\n\n<li>christliche Literatur<\/li>\n\n\n\n<li>&#8230;<\/li>\n<\/ul>\n\n\n\n<h3 class=\"wp-block-heading\">Kerzen<\/h3>\n\n\n\n<ul class=\"wp-block-list\">\n<li>Wir verkaufen selbst gestaltete Kerzen, gerne auch nach euren W\u00fcnschen f\u00fcr alle erdenklichen Anl\u00e4sse (Taufe, Erstkommunion, Firmung, Hochzeit, Trauer, Geburtstag &#8230;)<\/li>\n\n\n\n<li>Wir sind H\u00e4ndler der Wortlicht- Kerzen und W\u00fcnschelicht- Kerzen<\/li>\n<\/ul>\n\n\n\n<h3 class=\"wp-block-heading\">Holzschnitzereien<\/h3>\n\n\n\n<ul class=\"wp-block-list\">\n<li>Wir haben mittlerweile eine jahrzehntelange Erfahrung im Verkauf von Holzschnitzereien und dadurch gute Kontakte zu Schnitzereien.<\/li>\n\n\n\n<li>Wir haben nicht alles lagernd, aber beraten Sie gerne beim Kauf und bestellen f\u00fcr Sie.<\/li>\n\n\n\n<li>V.a. unser Sortiment an Krippenfiguren aus Holz und dazu passenden St\u00e4llen ist gro\u00df und auch hier k\u00f6nnen wir auf eine jahrzehntelange Erfahrung zur\u00fcckgreifen.<\/li>\n<\/ul>\n\n\n\n<h3 class=\"wp-block-heading\">Geschenke<\/h3>\n\n\n\n<ul class=\"wp-block-list\">\n<li>Bei uns findet ihr eine Vielzahl an Geschenken. <\/li>\n\n\n\n<li>Egal ob Geburt, Taufe, Erstkommunion, Firmung, Hochzeit, Geburtstag oder Trauer: Wir machen uns gemeinsam mit euch auf die Suche nach dem perfekten Geschenk.<\/li>\n\n\n\n<li>Durch die gro\u00dfe Anzahl an Partnerbetrieben\/Verlagen\/H\u00e4ndlern, zu denen wir gute Kontakte pflegen, k\u00f6nnen wir euch auch hier sehr gezielt beim Einkauf unterst\u00fctzen und freuen uns gemeinsam mit euch, wenn wir f\u00fcndig geworden sind.<\/li>\n<\/ul>\n","protected":false},"excerpt":{"rendered":"<p>Bei uns findet ihr f\u00fcr jeden Anlass etwas. Falls nicht sofort auf den ersten Blick, dann vielleicht durch ein Gespr\u00e4ch mit uns. Sehr gerne nehmen wir uns f\u00fcr dich Zeit, um gemeinsam etwas Passendes zu finden. Was ihr bei uns alles findet B\u00fccher Kerzen Holzschnitzereien Geschenke<\/p>\n","protected":false},"author":1,"featured_media":0,"parent":0,"menu_order":0,"comment_status":"closed","ping_status":"closed","template":"","meta":{"footnotes":""},"class_list":["post-56","page","type-page","status-publish","hentry"],"_links":{"self":[{"href":"https:\/\/mitundfuermenschen.sandamiano-at.com\/WordPress\/wp-json\/wp\/v2\/pages\/56","targetHints":{"allow":["GET"]}}],"collection":[{"href":"https:\/\/mitundfuermenschen.sandamiano-at.com\/WordPress\/wp-json\/wp\/v2\/pages"}],"about":[{"href":"https:\/\/mitundfuermenschen.sandamiano-at.com\/WordPress\/wp-json\/wp\/v2\/types\/page"}],"author":[{"embeddable":true,"href":"https:\/\/mitundfuermenschen.sandamiano-at.com\/WordPress\/wp-json\/wp\/v2\/users\/1"}],"replies":[{"embeddable":true,"href":"https:\/\/mitundfuermenschen.sandamiano-at.com\/WordPress\/wp-json\/wp\/v2\/comments?post=56"}],"version-history":[{"count":8,"href":"https:\/\/mitundfuermenschen.sandamiano-at.com\/WordPress\/wp-json\/wp\/v2\/pages\/56\/revisions"}],"predecessor-version":[{"id":91,"href":"https:\/\/mitundfuermenschen.sandamiano-at.com\/WordPress\/wp-json\/wp\/v2\/pages\/56\/revisions\/91"}],"wp:attachment":[{"href":"https:\/\/mitundfuermenschen.sandamiano-at.com\/WordPress\/wp-json\/wp\/v2\/media?parent=56"}],"curies":[{"name":"wp","href":"https:\/\/api.w.org\/{rel}","templated":true}]}}