{"id":66,"date":"2026-01-17T10:44:23","date_gmt":"2026-01-17T10:44:23","guid":{"rendered":"https:\/\/mitundfuermenschen.sandamiano-at.com\/WordPress\/?page_id=66"},"modified":"2026-01-17T10:44:23","modified_gmt":"2026-01-17T10:44:23","slug":"widerrufsrecht","status":"publish","type":"page","link":"https:\/\/mitundfuermenschen.sandamiano-at.com\/WordPress\/widerrufsrecht\/","title":{"rendered":"Widerrufsrecht"},"content":{"rendered":"\n<h3 class=\"wp-block-heading\"><\/h3>\n\n\n\n<p>Verbraucher:innen haben das Recht, binnen <strong>14 Tagen<\/strong> ohne Angabe von Gr\u00fcnden diesen Vertrag zu widerrufen.<\/p>\n\n\n\n<p>Die Widerrufsfrist betr\u00e4gt <strong>14 Tage<\/strong> ab dem Tag,<\/p>\n\n\n\n<ul class=\"wp-block-list\">\n<li>an dem Sie oder ein von Ihnen benannter Dritter, der nicht der Bef\u00f6rderer ist, die Waren in Besitz genommen haben bzw. hat;<\/li>\n\n\n\n<li>im Falle mehrerer Waren, die Sie im Rahmen einer einheitlichen Bestellung bestellt haben und die getrennt geliefert werden, ab dem Tag, an dem Sie oder ein von Ihnen benannter Dritter die letzte Ware in Besitz genommen haben.<\/li>\n<\/ul>\n\n\n\n<hr class=\"wp-block-separator has-alpha-channel-opacity\"\/>\n\n\n\n<h3 class=\"wp-block-heading\">Aus\u00fcbung des Widerrufsrechts<\/h3>\n\n\n\n<p>Um Ihr Widerrufsrecht auszu\u00fcben, m\u00fcssen Sie uns<\/p>\n\n\n\n<p>Thonhauser Christina, Buchhandlung San Damiano<br>Johann- Offner- Stra\u00dfe 10\/2<br><strong>9400 Wolfsberg, \u00d6sterreich<\/strong><br><strong>Telefon:<\/strong> +43435236197<br><strong>E-Mail:<\/strong> san.damiano@aon.at<\/p>\n\n\n\n<p>mittels einer <strong>eindeutigen Erkl\u00e4rung<\/strong> (z. B. ein mit der Post versandter Brief oder E-Mail) \u00fcber Ihren Entschluss, diesen Vertrag zu widerrufen, informieren.<\/p>\n\n\n\n<p>Sie k\u00f6nnen daf\u00fcr das beigef\u00fcgte <strong>Muster-Widerrufsformular<\/strong> verwenden, das jedoch nicht vorgeschrieben ist.<\/p>\n\n\n\n<p>Zur Wahrung der Widerrufsfrist reicht es aus, dass Sie die Mitteilung \u00fcber die Aus\u00fcbung des Widerrufsrechts vor Ablauf der Widerrufsfrist absenden.<\/p>\n\n\n\n<hr class=\"wp-block-separator has-alpha-channel-opacity\"\/>\n\n\n\n<h3 class=\"wp-block-heading\">Folgen des Widerrufs<\/h3>\n\n\n\n<p>Wenn Sie diesen Vertrag widerrufen, haben wir Ihnen <strong>alle Zahlungen<\/strong>, die wir von Ihnen erhalten haben, einschlie\u00dflich der Lieferkosten (mit Ausnahme der zus\u00e4tzlichen Kosten, die sich daraus ergeben, dass Sie eine andere Art der Lieferung als die von uns angebotene g\u00fcnstigste Standardlieferung gew\u00e4hlt haben), <strong>unverz\u00fcglich und sp\u00e4testens binnen 14 Tagen<\/strong> ab dem Tag zur\u00fcckzuzahlen, an dem die Mitteilung \u00fcber Ihren Widerruf dieses Vertrags bei uns eingegangen ist.<\/p>\n\n\n\n<p>F\u00fcr diese R\u00fcckzahlung verwenden wir dasselbe Zahlungsmittel, das Sie bei der urspr\u00fcnglichen Transaktion eingesetzt haben, es sei denn, mit Ihnen wurde ausdr\u00fccklich etwas anderes vereinbart; in keinem Fall werden Ihnen wegen dieser R\u00fcckzahlung Entgelte berechnet.<\/p>\n\n\n\n<p>Wir k\u00f6nnen die R\u00fcckzahlung verweigern, bis wir die Waren wieder zur\u00fcckerhalten haben oder bis Sie den Nachweis erbracht haben, dass Sie die Waren zur\u00fcckgesandt haben \u2013 je nachdem, welches der fr\u00fchere Zeitpunkt ist.<\/p>\n\n\n\n<hr class=\"wp-block-separator has-alpha-channel-opacity\"\/>\n\n\n\n<h3 class=\"wp-block-heading\">R\u00fccksendung der Waren<\/h3>\n\n\n\n<p>Sie haben die Waren <strong>unverz\u00fcglich und in jedem Fall sp\u00e4testens binnen 14 Tagen<\/strong> ab dem Tag, an dem Sie uns \u00fcber den Widerruf dieses Vertrags unterrichten, an uns zur\u00fcckzusenden oder zu \u00fcbergeben.<\/p>\n\n\n\n<p>Sie tragen die <strong>unmittelbaren Kosten der R\u00fccksendung der Waren<\/strong>.<\/p>\n\n\n\n<p>Sie m\u00fcssen f\u00fcr einen etwaigen Wertverlust der Waren nur aufkommen, wenn dieser Wertverlust auf einen zur Pr\u00fcfung der Beschaffenheit, Eigenschaften und Funktionsweise der Waren <strong>nicht notwendigen Umgang<\/strong> mit ihnen zur\u00fcckzuf\u00fchren ist.<\/p>\n\n\n\n<hr class=\"wp-block-separator has-alpha-channel-opacity\"\/>\n\n\n\n<h3 class=\"wp-block-heading\">Ausschluss bzw. Erl\u00f6schen des Widerrufsrechts<\/h3>\n\n\n\n<p>Das Widerrufsrecht besteht <strong>nicht<\/strong> bei Vertr\u00e4gen \u00fcber:<\/p>\n\n\n\n<ul class=\"wp-block-list\">\n<li>Waren, die <strong>nach Kundenspezifikation angefertigt<\/strong> werden oder eindeutig auf die pers\u00f6nlichen Bed\u00fcrfnisse zugeschnitten sind,<\/li>\n\n\n\n<li><strong>versiegelte Waren<\/strong>, die aus Gr\u00fcnden des Gesundheitsschutzes oder der Hygiene nicht zur R\u00fcckgabe geeignet sind, wenn ihre Versiegelung nach der Lieferung entfernt wurde,<\/li>\n\n\n\n<li><strong>digitale Inhalte<\/strong> (z. B. E-Books), wenn mit der Ausf\u00fchrung des Vertrags begonnen wurde, nachdem Sie ausdr\u00fccklich zugestimmt haben und zur Kenntnis genommen haben, dass Sie dadurch Ihr Widerrufsrecht verlieren.<\/li>\n<\/ul>\n\n\n\n<p><strong>Muster Widerrufsformular<\/strong><\/p>\n\n\n\n<p>An<br><strong>Thonhauser Christina, Buchhandlung San Damiano<\/strong><br>Johann- Offner- Stra\u00dfe 10\/2, 9400 Wolfsberg<br><strong>E-Mail:<\/strong> san.damiano@aon.at<\/p>\n\n\n\n<p>Hiermit widerrufe ich den von mir abgeschlossenen Vertrag \u00fcber den Kauf der folgenden Waren:<\/p>\n\n\n\n<p>Bestellt am \/ erhalten am:<br>Name der\/des Verbraucher:in:<br>Anschrift der\/des Verbraucher:in:<br>Unterschrift (nur bei Mitteilung auf Papier):<br>Datum:<\/p>\n\n\n\n<p><\/p>\n","protected":false},"excerpt":{"rendered":"<p>Verbraucher:innen haben das Recht, binnen 14 Tagen ohne Angabe von Gr\u00fcnden diesen Vertrag zu widerrufen. Die Widerrufsfrist betr\u00e4gt 14 Tage ab dem Tag, Aus\u00fcbung des Widerrufsrechts Um Ihr Widerrufsrecht auszu\u00fcben, m\u00fcssen Sie uns Thonhauser Christina, Buchhandlung San DamianoJohann- Offner- Stra\u00dfe 10\/29400 Wolfsberg, \u00d6sterreichTelefon: +43435236197E-Mail: san.damiano@aon.at mittels einer eindeutigen Erkl\u00e4rung (z. B. ein mit der Post [&hellip;]<\/p>\n","protected":false},"author":1,"featured_media":0,"parent":0,"menu_order":0,"comment_status":"closed","ping_status":"closed","template":"","meta":{"footnotes":""},"class_list":["post-66","page","type-page","status-publish","hentry"],"_links":{"self":[{"href":"https:\/\/mitundfuermenschen.sandamiano-at.com\/WordPress\/wp-json\/wp\/v2\/pages\/66","targetHints":{"allow":["GET"]}}],"collection":[{"href":"https:\/\/mitundfuermenschen.sandamiano-at.com\/WordPress\/wp-json\/wp\/v2\/pages"}],"about":[{"href":"https:\/\/mitundfuermenschen.sandamiano-at.com\/WordPress\/wp-json\/wp\/v2\/types\/page"}],"author":[{"embeddable":true,"href":"https:\/\/mitundfuermenschen.sandamiano-at.com\/WordPress\/wp-json\/wp\/v2\/users\/1"}],"replies":[{"embeddable":true,"href":"https:\/\/mitundfuermenschen.sandamiano-at.com\/WordPress\/wp-json\/wp\/v2\/comments?post=66"}],"version-history":[{"count":4,"href":"https:\/\/mitundfuermenschen.sandamiano-at.com\/WordPress\/wp-json\/wp\/v2\/pages\/66\/revisions"}],"predecessor-version":[{"id":89,"href":"https:\/\/mitundfuermenschen.sandamiano-at.com\/WordPress\/wp-json\/wp\/v2\/pages\/66\/revisions\/89"}],"wp:attachment":[{"href":"https:\/\/mitundfuermenschen.sandamiano-at.com\/WordPress\/wp-json\/wp\/v2\/media?parent=66"}],"curies":[{"name":"wp","href":"https:\/\/api.w.org\/{rel}","templated":true}]}}